{"id":2,"date":"2008-07-25T22:42:03","date_gmt":"2008-07-26T01:42:03","guid":{"rendered":"https:\/\/devkico.itexto.com.br\/?page_id=2"},"modified":"2015-04-24T10:06:31","modified_gmt":"2015-04-24T13:06:31","slug":"about","status":"publish","type":"page","link":"https:\/\/devkico.itexto.com.br\/?page_id=2","title":{"rendered":"Sobre"},"content":{"rendered":"<p><a href=\"https:\/\/devkico.itexto.com.br\/wp-content\/uploads\/2008\/07\/kico.jpeg\"><img loading=\"lazy\" decoding=\"async\" class=\"alignleft size-full wp-image-1167\" style=\"margin: 10px;\" title=\"kico\" src=\"https:\/\/devkico.itexto.com.br\/wp-content\/uploads\/2008\/07\/kico.jpeg\" alt=\"\" width=\"180\" height=\"180\" srcset=\"https:\/\/devkico.itexto.com.br\/wp-content\/uploads\/2008\/07\/kico.jpeg 180w, https:\/\/devkico.itexto.com.br\/wp-content\/uploads\/2008\/07\/kico-150x150.jpg 150w\" sizes=\"(max-width: 180px) 100vw, 180px\" \/><\/a>Sou Henrique Lobo Weissmann (ou Kico) e n\u00e3o \u00e9 exagero dizer que minha vida \u00e9 e sempre foi programar.\u00a0Natural que eu tamb\u00e9m <strong>escreva<\/strong> sobre o assunto. O objetivo deste blog \u00e9 expor todos os meus experimentos na \u00e1rea compartilhando assim o m\u00e1ximo poss\u00edvel do que aprendo no processo.<\/p>\n<p>Tamb\u00e9m sou s\u00f3cio fundador da <a href=\"http:\/\/www.itexto.com.br\">itexto<\/a>, que presta consultoria no desenvolvimento de sistemas para algumas empresas de Minas Gerais (desde livrarias at\u00e9 minera\u00e7\u00e3o).<\/p>\n<p>No in\u00edcio de 2008 fundei o <a href=\"http:\/\/www.grailsbrasil.com.br\">Grails Brasil<\/a>, que atualmente \u00e9 um dos maiores grupos de desenvolvedores Grails (em n\u00famero de participantes) do mundo, o que torna inevit\u00e1vel a inclus\u00e3o de bastante material a respeito neste blog.<\/p>\n<p><img loading=\"lazy\" decoding=\"async\" class=\"alignright  wp-image-2165\" src=\"https:\/\/devkico.itexto.com.br\/wp-content\/uploads\/2008\/07\/capa-livro-grails.png\" alt=\"capa-livro-grails\" width=\"129\" height=\"182\" \/>Sou autor do livro &#8220;<a href=\"http:\/\/www.casadocodigo.com.br\/products\/livro-grails\">Falando de Grails<\/a>&#8220;, publicado pela editora Casa do C\u00f3digo que, acredito, \u00e9 um dos melhores livros j\u00e1 escritos sobre o assunto (fala de Grails tamb\u00e9m).<\/p>\n<p><a href=\"http:\/\/www.casadocodigo.com.br\/products\/spring\"><img loading=\"lazy\" decoding=\"async\" class=\" size-medium wp-image-1137 alignleft\" title=\"thumb_beta_spring_large\" src=\"https:\/\/devkico.itexto.com.br\/wp-content\/uploads\/2012\/10\/thumb_beta_spring_large-212x300.jpg\" alt=\"\" width=\"127\" height=\"180\" srcset=\"https:\/\/devkico.itexto.com.br\/wp-content\/uploads\/2012\/10\/thumb_beta_spring_large-212x300.jpg 212w, https:\/\/devkico.itexto.com.br\/wp-content\/uploads\/2012\/10\/thumb_beta_spring_large.jpg 280w\" sizes=\"(max-width: 127px) 100vw, 127px\" \/><\/a><\/p>\n<p>Tamb\u00e9m sou o autor do livro &#8220;<a href=\"http:\/\/www.casadocodigo.com.br\/products\/spring\">Vire o Jogo com Spring Framework<\/a>&#8220;, publicado pela editora <a href=\"http:\/\/www.casadocodigo.com.br\">Casa do C\u00f3digo<\/a>.<\/p>\n<p>Estou sempre aberto a novas oportunidades de neg\u00f3cio. Portanto, caso se interesse por algum dos projetos que desenvolvo e divulgo neste blog, n\u00e3o se acanhe em me procurar por um dos links de contato listados abaixo ok?<\/p>\n<p><strong><a href=\"https:\/\/docs.google.com\/document\/d\/15e7BjFPBJ-lfygaPWR8F94LUgp-aQZtXKqlAZzulxns\/edit\">Curr\u00edculo<\/a><\/strong><\/p>\n<h2><strong>Contato<\/strong><\/h2>\n<p>e-mail: <a href=\"mailto:loboweissmann@gmail.com\">loboweissmann@gmail.com<\/a><br \/>\nmsn: kicolobo@itexto.net<br \/>\nGoogle Talk: loboweissmann@gmail.com<br \/>\ntwitter: <a href=\"http:\/\/www.twitter.com\/loboweissmann\">http:\/\/www.twitter.com\/loboweissmann<br \/>\n<\/a>YouTube: <a title=\"YouTube!\" href=\"http:\/\/www.youtube.com\/kicolobo\">http:\/\/www.youtube.com\/kicolobo<\/a><\/p>\n<p>Em julho\/2013 criei uma p\u00e1gina oficial no Facebook dedicada a este blog e sua divulga\u00e7\u00e3o.<br \/>\nCaso te interesse (espero!), curta no link abaixo<br \/>\n<a title=\"P\u00e1gina oficial no Facebook\" href=\"http:\/\/www.facebook.com\/devkico\">http:\/\/www.facebook.com\/devkico<\/a><\/p>\n","protected":false},"excerpt":{"rendered":"<p>Sou Henrique Lobo Weissmann (ou Kico) e n\u00e3o \u00e9 exagero dizer que minha vida \u00e9 e sempre foi programar.\u00a0Natural que eu tamb\u00e9m escreva sobre o assunto. O objetivo deste blog \u00e9 expor todos os meus experimentos na \u00e1rea compartilhando assim o m\u00e1ximo poss\u00edvel do que aprendo no processo. Tamb\u00e9m sou s\u00f3cio fundador da itexto, que [&hellip;]<\/p>\n","protected":false},"author":1,"featured_media":0,"parent":0,"menu_order":0,"comment_status":"closed","ping_status":"closed","template":"","meta":{"_coblocks_attr":"","_coblocks_dimensions":"","_coblocks_responsive_height":"","_coblocks_accordion_ie_support":"","site-sidebar-layout":"default","site-content-layout":"","ast-site-content-layout":"","site-content-style":"default","site-sidebar-style":"default","ast-global-header-display":"","ast-banner-title-visibility":"","ast-main-header-display":"","ast-hfb-above-header-display":"","ast-hfb-below-header-display":"","ast-hfb-mobile-header-display":"","site-post-title":"","ast-breadcrumbs-content":"","ast-featured-img":"","footer-sml-layout":"","theme-transparent-header-meta":"","adv-header-id-meta":"","stick-header-meta":"","header-above-stick-meta":"","header-main-stick-meta":"","header-below-stick-meta":"","astra-migrate-meta-layouts":"default","ast-page-background-enabled":"default","ast-page-background-meta":{"desktop":{"background-color":"var(--ast-global-color-4)","background-image":"","background-repeat":"repeat","background-position":"center center","background-size":"auto","background-attachment":"scroll","background-type":"","background-media":"","overlay-type":"","overlay-color":"","overlay-gradient":""},"tablet":{"background-color":"","background-image":"","background-repeat":"repeat","background-position":"center center","background-size":"auto","background-attachment":"scroll","background-type":"","background-media":"","overlay-type":"","overlay-color":"","overlay-gradient":""},"mobile":{"background-color":"","background-image":"","background-repeat":"repeat","background-position":"center center","background-size":"auto","background-attachment":"scroll","background-type":"","background-media":"","overlay-type":"","overlay-color":"","overlay-gradient":""}},"ast-content-background-meta":{"desktop":{"background-color":"var(--ast-global-color-5)","background-image":"","background-repeat":"repeat","background-position":"center center","background-size":"auto","background-attachment":"scroll","background-type":"","background-media":"","overlay-type":"","overlay-color":"","overlay-gradient":""},"tablet":{"background-color":"var(--ast-global-color-5)","background-image":"","background-repeat":"repeat","background-position":"center center","background-size":"auto","background-attachment":"scroll","background-type":"","background-media":"","overlay-type":"","overlay-color":"","overlay-gradient":""},"mobile":{"background-color":"var(--ast-global-color-5)","background-image":"","background-repeat":"repeat","background-position":"center center","background-size":"auto","background-attachment":"scroll","background-type":"","background-media":"","overlay-type":"","overlay-color":"","overlay-gradient":""}},"jetpack_post_was_ever_published":false,"footnotes":""},"class_list":["post-2","page","type-page","status-publish","hentry"],"yoast_head":"<!-- This site is optimized with the Yoast SEO plugin v22.8 - https:\/\/yoast.com\/wordpress\/plugins\/seo\/ -->\n<title>Sobre - \/dev\/Kico<\/title>\n<meta name=\"robots\" content=\"index, follow, max-snippet:-1, max-image-preview:large, max-video-preview:-1\" \/>\n<link rel=\"canonical\" href=\"https:\/\/devkico.itexto.com.br\/?page_id=2\" \/>\n<meta property=\"og:locale\" content=\"pt_BR\" \/>\n<meta property=\"og:type\" content=\"article\" \/>\n<meta property=\"og:title\" content=\"Sobre - \/dev\/Kico\" \/>\n<meta property=\"og:description\" content=\"Sou Henrique Lobo Weissmann (ou Kico) e n\u00e3o \u00e9 exagero dizer que minha vida \u00e9 e sempre foi programar.\u00a0Natural que eu tamb\u00e9m escreva sobre o assunto. O objetivo deste blog \u00e9 expor todos os meus experimentos na \u00e1rea compartilhando assim o m\u00e1ximo poss\u00edvel do que aprendo no processo. Tamb\u00e9m sou s\u00f3cio fundador da itexto, que [&hellip;]\" \/>\n<meta property=\"og:url\" content=\"https:\/\/devkico.itexto.com.br\/?page_id=2\" \/>\n<meta property=\"og:site_name\" content=\"\/dev\/Kico\" \/>\n<meta property=\"article:modified_time\" content=\"2015-04-24T13:06:31+00:00\" \/>\n<meta property=\"og:image\" content=\"http:\/\/www.itexto.net\/devkico\/wp-content\/uploads\/2008\/07\/kico.jpeg\" \/>\n<meta name=\"twitter:card\" content=\"summary_large_image\" \/>\n<meta name=\"twitter:label1\" content=\"Est. tempo de leitura\" \/>\n\t<meta name=\"twitter:data1\" content=\"1 minuto\" \/>\n<script type=\"application\/ld+json\" class=\"yoast-schema-graph\">{\"@context\":\"https:\/\/schema.org\",\"@graph\":[{\"@type\":\"WebPage\",\"@id\":\"https:\/\/devkico.itexto.com.br\/?page_id=2\",\"url\":\"https:\/\/devkico.itexto.com.br\/?page_id=2\",\"name\":\"Sobre - \/dev\/Kico\",\"isPartOf\":{\"@id\":\"https:\/\/devkico.itexto.com.br\/#website\"},\"primaryImageOfPage\":{\"@id\":\"https:\/\/devkico.itexto.com.br\/?page_id=2#primaryimage\"},\"image\":{\"@id\":\"https:\/\/devkico.itexto.com.br\/?page_id=2#primaryimage\"},\"thumbnailUrl\":\"https:\/\/devkico.itexto.com.br\/wp-content\/uploads\/2008\/07\/kico.jpeg\",\"datePublished\":\"2008-07-26T01:42:03+00:00\",\"dateModified\":\"2015-04-24T13:06:31+00:00\",\"breadcrumb\":{\"@id\":\"https:\/\/devkico.itexto.com.br\/?page_id=2#breadcrumb\"},\"inLanguage\":\"pt-BR\",\"potentialAction\":[{\"@type\":\"ReadAction\",\"target\":[\"https:\/\/devkico.itexto.com.br\/?page_id=2\"]}]},{\"@type\":\"ImageObject\",\"inLanguage\":\"pt-BR\",\"@id\":\"https:\/\/devkico.itexto.com.br\/?page_id=2#primaryimage\",\"url\":\"https:\/\/devkico.itexto.com.br\/wp-content\/uploads\/2008\/07\/kico.jpeg\",\"contentUrl\":\"https:\/\/devkico.itexto.com.br\/wp-content\/uploads\/2008\/07\/kico.jpeg\",\"width\":\"180\",\"height\":\"180\"},{\"@type\":\"BreadcrumbList\",\"@id\":\"https:\/\/devkico.itexto.com.br\/?page_id=2#breadcrumb\",\"itemListElement\":[{\"@type\":\"ListItem\",\"position\":1,\"name\":\"Home\",\"item\":\"https:\/\/devkico.itexto.com.br\/\"},{\"@type\":\"ListItem\",\"position\":2,\"name\":\"Sobre\"}]},{\"@type\":\"WebSite\",\"@id\":\"https:\/\/devkico.itexto.com.br\/#website\",\"url\":\"https:\/\/devkico.itexto.com.br\/\",\"name\":\"\/dev\/Kico\",\"description\":\"Desenvolvendo software\",\"potentialAction\":[{\"@type\":\"SearchAction\",\"target\":{\"@type\":\"EntryPoint\",\"urlTemplate\":\"https:\/\/devkico.itexto.com.br\/?s={search_term_string}\"},\"query-input\":\"required name=search_term_string\"}],\"inLanguage\":\"pt-BR\"}]}<\/script>\n<!-- \/ Yoast SEO plugin. -->","yoast_head_json":{"title":"Sobre - \/dev\/Kico","robots":{"index":"index","follow":"follow","max-snippet":"max-snippet:-1","max-image-preview":"max-image-preview:large","max-video-preview":"max-video-preview:-1"},"canonical":"https:\/\/devkico.itexto.com.br\/?page_id=2","og_locale":"pt_BR","og_type":"article","og_title":"Sobre - \/dev\/Kico","og_description":"Sou Henrique Lobo Weissmann (ou Kico) e n\u00e3o \u00e9 exagero dizer que minha vida \u00e9 e sempre foi programar.\u00a0Natural que eu tamb\u00e9m escreva sobre o assunto. O objetivo deste blog \u00e9 expor todos os meus experimentos na \u00e1rea compartilhando assim o m\u00e1ximo poss\u00edvel do que aprendo no processo. Tamb\u00e9m sou s\u00f3cio fundador da itexto, que [&hellip;]","og_url":"https:\/\/devkico.itexto.com.br\/?page_id=2","og_site_name":"\/dev\/Kico","article_modified_time":"2015-04-24T13:06:31+00:00","og_image":[{"url":"http:\/\/www.itexto.net\/devkico\/wp-content\/uploads\/2008\/07\/kico.jpeg"}],"twitter_card":"summary_large_image","twitter_misc":{"Est. tempo de leitura":"1 minuto"},"schema":{"@context":"https:\/\/schema.org","@graph":[{"@type":"WebPage","@id":"https:\/\/devkico.itexto.com.br\/?page_id=2","url":"https:\/\/devkico.itexto.com.br\/?page_id=2","name":"Sobre - \/dev\/Kico","isPartOf":{"@id":"https:\/\/devkico.itexto.com.br\/#website"},"primaryImageOfPage":{"@id":"https:\/\/devkico.itexto.com.br\/?page_id=2#primaryimage"},"image":{"@id":"https:\/\/devkico.itexto.com.br\/?page_id=2#primaryimage"},"thumbnailUrl":"https:\/\/devkico.itexto.com.br\/wp-content\/uploads\/2008\/07\/kico.jpeg","datePublished":"2008-07-26T01:42:03+00:00","dateModified":"2015-04-24T13:06:31+00:00","breadcrumb":{"@id":"https:\/\/devkico.itexto.com.br\/?page_id=2#breadcrumb"},"inLanguage":"pt-BR","potentialAction":[{"@type":"ReadAction","target":["https:\/\/devkico.itexto.com.br\/?page_id=2"]}]},{"@type":"ImageObject","inLanguage":"pt-BR","@id":"https:\/\/devkico.itexto.com.br\/?page_id=2#primaryimage","url":"https:\/\/devkico.itexto.com.br\/wp-content\/uploads\/2008\/07\/kico.jpeg","contentUrl":"https:\/\/devkico.itexto.com.br\/wp-content\/uploads\/2008\/07\/kico.jpeg","width":"180","height":"180"},{"@type":"BreadcrumbList","@id":"https:\/\/devkico.itexto.com.br\/?page_id=2#breadcrumb","itemListElement":[{"@type":"ListItem","position":1,"name":"Home","item":"https:\/\/devkico.itexto.com.br\/"},{"@type":"ListItem","position":2,"name":"Sobre"}]},{"@type":"WebSite","@id":"https:\/\/devkico.itexto.com.br\/#website","url":"https:\/\/devkico.itexto.com.br\/","name":"\/dev\/Kico","description":"Desenvolvendo software","potentialAction":[{"@type":"SearchAction","target":{"@type":"EntryPoint","urlTemplate":"https:\/\/devkico.itexto.com.br\/?s={search_term_string}"},"query-input":"required name=search_term_string"}],"inLanguage":"pt-BR"}]}},"jetpack-related-posts":[],"jetpack_sharing_enabled":true,"jetpack_likes_enabled":true,"_links":{"self":[{"href":"https:\/\/devkico.itexto.com.br\/index.php?rest_route=\/wp\/v2\/pages\/2"}],"collection":[{"href":"https:\/\/devkico.itexto.com.br\/index.php?rest_route=\/wp\/v2\/pages"}],"about":[{"href":"https:\/\/devkico.itexto.com.br\/index.php?rest_route=\/wp\/v2\/types\/page"}],"author":[{"embeddable":true,"href":"https:\/\/devkico.itexto.com.br\/index.php?rest_route=\/wp\/v2\/users\/1"}],"replies":[{"embeddable":true,"href":"https:\/\/devkico.itexto.com.br\/index.php?rest_route=%2Fwp%2Fv2%2Fcomments&post=2"}],"version-history":[{"count":18,"href":"https:\/\/devkico.itexto.com.br\/index.php?rest_route=\/wp\/v2\/pages\/2\/revisions"}],"predecessor-version":[{"id":2166,"href":"https:\/\/devkico.itexto.com.br\/index.php?rest_route=\/wp\/v2\/pages\/2\/revisions\/2166"}],"wp:attachment":[{"href":"https:\/\/devkico.itexto.com.br\/index.php?rest_route=%2Fwp%2Fv2%2Fmedia&parent=2"}],"curies":[{"name":"wp","href":"https:\/\/api.w.org\/{rel}","templated":true}]}}