{"id":220,"date":"2008-12-29T21:14:53","date_gmt":"2008-12-30T00:14:53","guid":{"rendered":"https:\/\/devkico.itexto.com.br\/?page_id=220"},"modified":"2011-01-22T16:58:13","modified_gmt":"2011-01-22T19:58:13","slug":"grails-um-guia-rapido-e-indireto","status":"publish","type":"page","link":"https:\/\/devkico.itexto.com.br\/?page_id=220","title":{"rendered":"Grails: um guia r\u00e1pido e indireto"},"content":{"rendered":"<h1><strong>Indice<\/strong><\/h1>\n<p><a href=\"https:\/\/devkico.itexto.com.br\/?p=224\">1. Introdu\u00e7\u00e3o<\/a><\/p>\n<p><a href=\"https:\/\/devkico.itexto.com.br\/?p=40\">2. Como instalar o Grails<\/a><\/p>\n<p>3. <a href=\"https:\/\/devkico.itexto.com.br\/?p=231\">Groovy &#8211; O basico para quem for aprender Grails<\/a><\/p>\n<ul>\n<li>O que \u00e9 Groovy?<\/li>\n<li>Instalando Groovy<\/li>\n<li>Diferen\u00e1s b\u00e1sicas entre c\u00f3digo Java e Groovy<\/li>\n<li>Closures (em constru\u00e7\u00e3o)<\/li>\n<li>Intervalos (escalas), hashes (maps) e cole\u00e7\u00f5es<\/li>\n<\/ul>\n<p>3.1 <a href=\"https:\/\/devkico.itexto.com.br\/?p=241\">Closures<\/a><\/p>\n<ul>\n<li>O que \u00e9 uma closure<\/li>\n<li>Como declarar uma closure<\/li>\n<li>Como referenciar uma closure<\/li>\n<li>Como executar uma closure<\/li>\n<li>Escopo de execu\u00e7\u00e3o<\/li>\n<\/ul>\n<p>3.2 <a href=\"https:\/\/devkico.itexto.com.br\/?p=535\">Groovy Din\u00e2mico<br \/>\n<\/a><\/p>\n<ul>\n<li>Invoca\u00e7\u00e3o din\u00e2mica de m\u00e9todos<\/li>\n<li>Incluindo novos comportamentos em suas classes em tempo de execu\u00e7\u00e3o<\/li>\n<\/ul>\n<p>3.2.1 &#8211; <a href=\"https:\/\/devkico.itexto.com.br\/?p=807\">Usando a invoca\u00e7\u00e3o din\u00e2mica de m\u00e9todos com Grails<\/a><\/p>\n<p>4 Grails<\/p>\n<p>4.1 <a href=\"https:\/\/devkico.itexto.com.br\/?p=266\">Grails: entendendo a estrutura de diret\u00f3rios<\/a><\/p>\n<p>4.2. <a href=\"https:\/\/devkico.itexto.com.br\/?p=661\">Entendendo o SiteMesh<\/a><\/p>\n<p>4.3 Controladores<br \/>\n4.3.1 &#8211; <a href=\"https:\/\/devkico.itexto.com.br\/?p=813\">Lidando com par\u00e2metros duplicados<\/a><\/p>\n<p>4.4 <a href=\"https:\/\/devkico.itexto.com.br\/?p=29\">Filtros<\/a><\/p>\n<p>4.5 <a href=\"https:\/\/devkico.itexto.com.br\/?p=73\">Grails: Acessando bases de dados legadas<\/a><\/p>\n<p><a href=\"https:\/\/devkico.itexto.com.br\/?p=73\"><\/a>4.5.1 <a href=\"https:\/\/devkico.itexto.com.br\/?p=922\">Configurando o acesso a dados<\/a><br \/>\n4.5.2\u00a0<a href=\"https:\/\/devkico.itexto.com.br\/?p=53\">Utilizando outros tipos de chaves prim\u00e1rias<\/a><br \/>\n4.5.3\u00a0<a href=\"https:\/\/devkico.itexto.com.br\/?p=752\">Evitando queda de conex\u00e3o com o servidor de banco de dados<br \/>\n<\/a>4.5.4\u00a0<a href=\"https:\/\/devkico.itexto.com.br\/?p=885\">Busca por crit\u00e9rios (criterias)<\/a><br \/>\n4.5.5\u00a0<a href=\"https:\/\/devkico.itexto.com.br\/?p=909\">Entendendo as valida\u00e7\u00f5es (constraints)<\/a><br \/>\n4.6 <a href=\"https:\/\/devkico.itexto.com.br\/?p=625\">Entendendo os ambientes de execu\u00e7\u00e3o (environments)<\/a><\/p>\n<p>5. <a href=\"https:\/\/devkico.itexto.com.br\/?p=913\">Testando sua aplica\u00e7\u00e3o<\/a><\/p>\n<p>6 Miscel\u00e2nea<\/p>\n<p>6.1 <a href=\"https:\/\/devkico.itexto.com.br\/?p=461\">Enviando e-mails de uma forma realmente simples (sem usar o plugin)<\/a><br \/>\n6.2 <a href=\"https:\/\/devkico.itexto.com.br\/?p=330\">Grails e c\u00f3digo legado <\/a><br \/>\n6.2.1 <a href=\"https:\/\/devkico.itexto.com.br\/?p=739\">Grails e c\u00f3digo legado na pr\u00e1tica<\/a><br \/>\n6.3 <a href=\"https:\/\/devkico.itexto.com.br\/?p=763\">Grails: lidando com o cache do navegador <\/a><\/p>\n<p>6 <a href=\"https:\/\/devkico.itexto.com.br\/?p=603\">Bibliografia<\/a><\/p>\n","protected":false},"excerpt":{"rendered":"<p>Indice 1. Introdu\u00e7\u00e3o 2. Como instalar o Grails 3. Groovy &#8211; O basico para quem for aprender Grails O que \u00e9 Groovy? Instalando Groovy Diferen\u00e1s b\u00e1sicas entre c\u00f3digo Java e Groovy Closures (em constru\u00e7\u00e3o) Intervalos (escalas), hashes (maps) e cole\u00e7\u00f5es 3.1 Closures O que \u00e9 uma closure Como declarar uma closure Como referenciar uma closure [&hellip;]<\/p>\n","protected":false},"author":1,"featured_media":0,"parent":0,"menu_order":0,"comment_status":"open","ping_status":"open","template":"","meta":{"_coblocks_attr":"","_coblocks_dimensions":"","_coblocks_responsive_height":"","_coblocks_accordion_ie_support":"","site-sidebar-layout":"default","site-content-layout":"","ast-site-content-layout":"","site-content-style":"default","site-sidebar-style":"default","ast-global-header-display":"","ast-banner-title-visibility":"","ast-main-header-display":"","ast-hfb-above-header-display":"","ast-hfb-below-header-display":"","ast-hfb-mobile-header-display":"","site-post-title":"","ast-breadcrumbs-content":"","ast-featured-img":"","footer-sml-layout":"","theme-transparent-header-meta":"","adv-header-id-meta":"","stick-header-meta":"","header-above-stick-meta":"","header-main-stick-meta":"","header-below-stick-meta":"","astra-migrate-meta-layouts":"default","ast-page-background-enabled":"default","ast-page-background-meta":{"desktop":{"background-color":"var(--ast-global-color-4)","background-image":"","background-repeat":"repeat","background-position":"center center","background-size":"auto","background-attachment":"scroll","background-type":"","background-media":"","overlay-type":"","overlay-color":"","overlay-gradient":""},"tablet":{"background-color":"","background-image":"","background-repeat":"repeat","background-position":"center center","background-size":"auto","background-attachment":"scroll","background-type":"","background-media":"","overlay-type":"","overlay-color":"","overlay-gradient":""},"mobile":{"background-color":"","background-image":"","background-repeat":"repeat","background-position":"center center","background-size":"auto","background-attachment":"scroll","background-type":"","background-media":"","overlay-type":"","overlay-color":"","overlay-gradient":""}},"ast-content-background-meta":{"desktop":{"background-color":"var(--ast-global-color-5)","background-image":"","background-repeat":"repeat","background-position":"center center","background-size":"auto","background-attachment":"scroll","background-type":"","background-media":"","overlay-type":"","overlay-color":"","overlay-gradient":""},"tablet":{"background-color":"var(--ast-global-color-5)","background-image":"","background-repeat":"repeat","background-position":"center center","background-size":"auto","background-attachment":"scroll","background-type":"","background-media":"","overlay-type":"","overlay-color":"","overlay-gradient":""},"mobile":{"background-color":"var(--ast-global-color-5)","background-image":"","background-repeat":"repeat","background-position":"center center","background-size":"auto","background-attachment":"scroll","background-type":"","background-media":"","overlay-type":"","overlay-color":"","overlay-gradient":""}},"jetpack_post_was_ever_published":false,"footnotes":""},"class_list":["post-220","page","type-page","status-publish","hentry"],"yoast_head":"<!-- This site is optimized with the Yoast SEO plugin v22.8 - https:\/\/yoast.com\/wordpress\/plugins\/seo\/ -->\n<title>Grails: um guia r\u00e1pido e indireto - \/dev\/Kico<\/title>\n<meta name=\"robots\" content=\"index, follow, max-snippet:-1, max-image-preview:large, max-video-preview:-1\" \/>\n<link rel=\"canonical\" href=\"https:\/\/devkico.itexto.com.br\/?page_id=220\" \/>\n<meta property=\"og:locale\" content=\"pt_BR\" \/>\n<meta property=\"og:type\" content=\"article\" \/>\n<meta property=\"og:title\" content=\"Grails: um guia r\u00e1pido e indireto - \/dev\/Kico\" \/>\n<meta property=\"og:description\" content=\"Indice 1. Introdu\u00e7\u00e3o 2. Como instalar o Grails 3. Groovy &#8211; O basico para quem for aprender Grails O que \u00e9 Groovy? Instalando Groovy Diferen\u00e1s b\u00e1sicas entre c\u00f3digo Java e Groovy Closures (em constru\u00e7\u00e3o) Intervalos (escalas), hashes (maps) e cole\u00e7\u00f5es 3.1 Closures O que \u00e9 uma closure Como declarar uma closure Como referenciar uma closure [&hellip;]\" \/>\n<meta property=\"og:url\" content=\"https:\/\/devkico.itexto.com.br\/?page_id=220\" \/>\n<meta property=\"og:site_name\" content=\"\/dev\/Kico\" \/>\n<meta property=\"article:modified_time\" content=\"2011-01-22T19:58:13+00:00\" \/>\n<meta name=\"twitter:card\" content=\"summary_large_image\" \/>\n<meta name=\"twitter:label1\" content=\"Est. tempo de leitura\" \/>\n\t<meta name=\"twitter:data1\" content=\"1 minuto\" \/>\n<script type=\"application\/ld+json\" class=\"yoast-schema-graph\">{\"@context\":\"https:\/\/schema.org\",\"@graph\":[{\"@type\":\"WebPage\",\"@id\":\"https:\/\/devkico.itexto.com.br\/?page_id=220\",\"url\":\"https:\/\/devkico.itexto.com.br\/?page_id=220\",\"name\":\"Grails: um guia r\u00e1pido e indireto - \/dev\/Kico\",\"isPartOf\":{\"@id\":\"https:\/\/devkico.itexto.com.br\/#website\"},\"datePublished\":\"2008-12-30T00:14:53+00:00\",\"dateModified\":\"2011-01-22T19:58:13+00:00\",\"breadcrumb\":{\"@id\":\"https:\/\/devkico.itexto.com.br\/?page_id=220#breadcrumb\"},\"inLanguage\":\"pt-BR\",\"potentialAction\":[{\"@type\":\"ReadAction\",\"target\":[\"https:\/\/devkico.itexto.com.br\/?page_id=220\"]}]},{\"@type\":\"BreadcrumbList\",\"@id\":\"https:\/\/devkico.itexto.com.br\/?page_id=220#breadcrumb\",\"itemListElement\":[{\"@type\":\"ListItem\",\"position\":1,\"name\":\"Home\",\"item\":\"https:\/\/devkico.itexto.com.br\/\"},{\"@type\":\"ListItem\",\"position\":2,\"name\":\"Grails: um guia r\u00e1pido e indireto\"}]},{\"@type\":\"WebSite\",\"@id\":\"https:\/\/devkico.itexto.com.br\/#website\",\"url\":\"https:\/\/devkico.itexto.com.br\/\",\"name\":\"\/dev\/Kico\",\"description\":\"Desenvolvendo software\",\"potentialAction\":[{\"@type\":\"SearchAction\",\"target\":{\"@type\":\"EntryPoint\",\"urlTemplate\":\"https:\/\/devkico.itexto.com.br\/?s={search_term_string}\"},\"query-input\":\"required name=search_term_string\"}],\"inLanguage\":\"pt-BR\"}]}<\/script>\n<!-- \/ Yoast SEO plugin. -->","yoast_head_json":{"title":"Grails: um guia r\u00e1pido e indireto - \/dev\/Kico","robots":{"index":"index","follow":"follow","max-snippet":"max-snippet:-1","max-image-preview":"max-image-preview:large","max-video-preview":"max-video-preview:-1"},"canonical":"https:\/\/devkico.itexto.com.br\/?page_id=220","og_locale":"pt_BR","og_type":"article","og_title":"Grails: um guia r\u00e1pido e indireto - \/dev\/Kico","og_description":"Indice 1. Introdu\u00e7\u00e3o 2. Como instalar o Grails 3. Groovy &#8211; O basico para quem for aprender Grails O que \u00e9 Groovy? Instalando Groovy Diferen\u00e1s b\u00e1sicas entre c\u00f3digo Java e Groovy Closures (em constru\u00e7\u00e3o) Intervalos (escalas), hashes (maps) e cole\u00e7\u00f5es 3.1 Closures O que \u00e9 uma closure Como declarar uma closure Como referenciar uma closure [&hellip;]","og_url":"https:\/\/devkico.itexto.com.br\/?page_id=220","og_site_name":"\/dev\/Kico","article_modified_time":"2011-01-22T19:58:13+00:00","twitter_card":"summary_large_image","twitter_misc":{"Est. tempo de leitura":"1 minuto"},"schema":{"@context":"https:\/\/schema.org","@graph":[{"@type":"WebPage","@id":"https:\/\/devkico.itexto.com.br\/?page_id=220","url":"https:\/\/devkico.itexto.com.br\/?page_id=220","name":"Grails: um guia r\u00e1pido e indireto - \/dev\/Kico","isPartOf":{"@id":"https:\/\/devkico.itexto.com.br\/#website"},"datePublished":"2008-12-30T00:14:53+00:00","dateModified":"2011-01-22T19:58:13+00:00","breadcrumb":{"@id":"https:\/\/devkico.itexto.com.br\/?page_id=220#breadcrumb"},"inLanguage":"pt-BR","potentialAction":[{"@type":"ReadAction","target":["https:\/\/devkico.itexto.com.br\/?page_id=220"]}]},{"@type":"BreadcrumbList","@id":"https:\/\/devkico.itexto.com.br\/?page_id=220#breadcrumb","itemListElement":[{"@type":"ListItem","position":1,"name":"Home","item":"https:\/\/devkico.itexto.com.br\/"},{"@type":"ListItem","position":2,"name":"Grails: um guia r\u00e1pido e indireto"}]},{"@type":"WebSite","@id":"https:\/\/devkico.itexto.com.br\/#website","url":"https:\/\/devkico.itexto.com.br\/","name":"\/dev\/Kico","description":"Desenvolvendo software","potentialAction":[{"@type":"SearchAction","target":{"@type":"EntryPoint","urlTemplate":"https:\/\/devkico.itexto.com.br\/?s={search_term_string}"},"query-input":"required name=search_term_string"}],"inLanguage":"pt-BR"}]}},"jetpack-related-posts":[],"jetpack_sharing_enabled":true,"jetpack_likes_enabled":true,"_links":{"self":[{"href":"https:\/\/devkico.itexto.com.br\/index.php?rest_route=\/wp\/v2\/pages\/220"}],"collection":[{"href":"https:\/\/devkico.itexto.com.br\/index.php?rest_route=\/wp\/v2\/pages"}],"about":[{"href":"https:\/\/devkico.itexto.com.br\/index.php?rest_route=\/wp\/v2\/types\/page"}],"author":[{"embeddable":true,"href":"https:\/\/devkico.itexto.com.br\/index.php?rest_route=\/wp\/v2\/users\/1"}],"replies":[{"embeddable":true,"href":"https:\/\/devkico.itexto.com.br\/index.php?rest_route=%2Fwp%2Fv2%2Fcomments&post=220"}],"version-history":[{"count":26,"href":"https:\/\/devkico.itexto.com.br\/index.php?rest_route=\/wp\/v2\/pages\/220\/revisions"}],"predecessor-version":[{"id":239,"href":"https:\/\/devkico.itexto.com.br\/index.php?rest_route=\/wp\/v2\/pages\/220\/revisions\/239"}],"wp:attachment":[{"href":"https:\/\/devkico.itexto.com.br\/index.php?rest_route=%2Fwp%2Fv2%2Fmedia&parent=220"}],"curies":[{"name":"wp","href":"https:\/\/api.w.org\/{rel}","templated":true}]}}